{"id":139,"date":"2015-03-25T17:02:34","date_gmt":"2015-03-25T17:02:34","guid":{"rendered":"https:\/\/freesouldd.wordpress.com\/?page_id=139"},"modified":"2025-05-05T17:46:20","modified_gmt":"2025-05-05T17:46:20","slug":"bodywork-massagen","status":"publish","type":"page","link":"http:\/\/be-your-self.de\/?page_id=139","title":{"rendered":"Body Work"},"content":{"rendered":"<p><a href=\"http:\/\/be-your-self.de\/wp-content\/uploads\/2015\/03\/plakat-bodywork-2020-2.jpg\"><img loading=\"lazy\" decoding=\"async\" class=\"alignright size-full wp-image-5337\" src=\"http:\/\/be-your-self.de\/wp-content\/uploads\/2015\/03\/plakat-bodywork-2020-2.jpg\" alt=\"\" width=\"1754\" height=\"2469\" srcset=\"http:\/\/be-your-self.de\/wp-content\/uploads\/2015\/03\/plakat-bodywork-2020-2.jpg 1754w, http:\/\/be-your-self.de\/wp-content\/uploads\/2015\/03\/plakat-bodywork-2020-2-213x300.jpg 213w, http:\/\/be-your-self.de\/wp-content\/uploads\/2015\/03\/plakat-bodywork-2020-2-768x1081.jpg 768w, http:\/\/be-your-self.de\/wp-content\/uploads\/2015\/03\/plakat-bodywork-2020-2-727x1024.jpg 727w\" sizes=\"auto, (max-width: 1754px) 100vw, 1754px\" \/><\/a><\/p>\n<h3 style=\"text-align: center;\">\u00a0<\/h3>\n<hr \/>\n<h2 style=\"text-align: center;\"><a href=\"http:\/\/be-your-self.de\/wp-content\/uploads\/2015\/03\/header-touch.jpg\"><img loading=\"lazy\" decoding=\"async\" class=\"alignright size-full wp-image-6649\" src=\"http:\/\/be-your-self.de\/wp-content\/uploads\/2015\/03\/header-touch.jpg\" alt=\"\" width=\"1100\" height=\"585\" srcset=\"http:\/\/be-your-self.de\/wp-content\/uploads\/2015\/03\/header-touch.jpg 1100w, http:\/\/be-your-self.de\/wp-content\/uploads\/2015\/03\/header-touch-300x160.jpg 300w, http:\/\/be-your-self.de\/wp-content\/uploads\/2015\/03\/header-touch-768x408.jpg 768w, http:\/\/be-your-self.de\/wp-content\/uploads\/2015\/03\/header-touch-1024x545.jpg 1024w\" sizes=\"auto, (max-width: 1100px) 100vw, 1100px\" \/><\/a><\/h2>\n<div class=\"xdj266r x11i5rnm xat24cr x1mh8g0r x1vvkbs x126k92a\">\n<div dir=\"auto\">Hallo Du Liebe&#8217;r <span class=\"x3nfvp2 x1j61x8r x1fcty0u xdj266r xhhsvwb xat24cr xgzva0m xxymvpz xlup9mm x1kky2od\"><img loading=\"lazy\" decoding=\"async\" class=\"xz74otr\" src=\"https:\/\/static.xx.fbcdn.net\/images\/emoji.php\/v9\/td9\/1.5\/16\/1f64f.png\" alt=\"\ud83d\ude4f\" width=\"16\" height=\"16\" \/><\/span><\/div>\n<div dir=\"auto\">ruft Dein K\u00f6rper nach Entspannung, w\u00fcnschst Du Dir ber\u00fchrt zu werden, oder h\u00e4lt Dich noch eine Erinnerung, welche Du in Dir erl\u00f6sen magst?<\/div>\n<\/div>\n<div class=\"x11i5rnm xat24cr x1mh8g0r x1vvkbs xtlvy1s x126k92a\">\n<div dir=\"auto\">G\u00f6nne Dir eine Stunde Bodywork mit mir.. zum Dezember Spezial 35<span class=\"x3nfvp2 x1j61x8r x1fcty0u xdj266r xhhsvwb xat24cr xgzva0m xxymvpz xlup9mm x1kky2od\"><img loading=\"lazy\" decoding=\"async\" class=\"xz74otr\" src=\"https:\/\/static.xx.fbcdn.net\/images\/emoji.php\/v9\/t7b\/1.5\/16\/2728.png\" alt=\"\u2728\" width=\"16\" height=\"16\" \/><\/span>oder verschenke mich ( ;<\/div>\n<\/div>\n<div class=\"x11i5rnm xat24cr x1mh8g0r x1vvkbs xtlvy1s x126k92a\">\n<div dir=\"auto\">Ich komm gerne bei dir vorbei wenn es passt und unterst\u00fctze Deine Harmonisierung.<\/div>\n<\/div>\n<h2 style=\"text-align: center;\">\u00a0<\/h2>\n<h2 style=\"text-align: center;\"><span style=\"color: #e65a36;\">Japanische Hichubuku &#8211; Yoga Massage<\/span><\/h2>\n<h2 style=\"text-align: center;\"><span style=\"color: #e65a36;\">Elementare Balancierung Grinberg Methode &#8211; K\u00f6rper entpanzern, und Potential befreien. <br \/><\/span><\/h2>\n<h2 style=\"text-align: center;\"><em><span style=\"font-size: 16px; line-height: 1.5;\">Der Schl\u00fcssel zur Gesundheit liegt in unserer k\u00f6rperlichen Entspannung<br \/><\/span><\/em><\/h2>\n<p>Die <strong>Hichibuku Therapie<\/strong> ist eine bewehrtes K\u00f6rperheilverfahren. Mit dieser Methode ist es m\u00f6glich, das Organe, Muskel und Atmungssystem zu regenerieren, was eine verj\u00fcngende Wirkung in sich tr\u00e4gt. Praktiziert wird dabei auf dem Boden, wobei \u00fcber die Kleidung massiert, bewegt, gedehnt und geschwungen wird. Diese Handhabung verhilft dem Klienten in eine stabile anatomisch richtige Position zu gelangen. Heilsames Chi kann somit wieder leichter das gesamte K\u00f6rpersystem erreichen.<\/p>\n<p>Die Wurzel der<strong>\u00a0Thai Yoga Massage<\/strong> liegt in der ayurvedischen Medizin. TYM ist eine gro\u00dfartige Ber\u00fchrungsform und verbindet Akupressur, passive Yogadehnung und meditative Bewegungen miteinander. Die Thai Massage wird traditionell bekleidet auf einer Matte am Boden praktiziert. Dies erlaubt dem Masseur, sein K\u00f6rpergewicht optimal f\u00fcr die Massage einzusetzen und \u00fcbertr\u00e4gt dessen Intensionen auf eine nat\u00fcrliche Art und Weise. Durch eine individuelle Zusammenstellung verschiedenster\u00a0Techniken ist die\u00a0Thai Yoga Massage\u00a0generell f\u00fcr Jeden Menschen geeignet.<\/p>\n<p><em style=\"line-height: 1.5;\"><a href=\"http:\/\/freesoul-dresden.de\/wp-content\/uploads\/2015\/03\/the_great_wave_japanese_painting_by_hokusai_dinner_plate-r7131177b572a4fafa66491f452e0ed68_ambb0_8byvr_324.jpg\"><img loading=\"lazy\" decoding=\"async\" class=\" size-full wp-image-772 alignleft\" src=\"http:\/\/freesoul-dresden.de\/wp-content\/uploads\/2015\/03\/the_great_wave_japanese_painting_by_hokusai_dinner_plate-r7131177b572a4fafa66491f452e0ed68_ambb0_8byvr_324.jpg\" alt=\"the_great_wave_japanese_painting_by_hokusai_dinner_plate-r7131177b572a4fafa66491f452e0ed68_ambb0_8byvr_324\" width=\"324\" height=\"324\" srcset=\"http:\/\/be-your-self.de\/wp-content\/uploads\/2015\/03\/the_great_wave_japanese_painting_by_hokusai_dinner_plate-r7131177b572a4fafa66491f452e0ed68_ambb0_8byvr_324.jpg 324w, http:\/\/be-your-self.de\/wp-content\/uploads\/2015\/03\/the_great_wave_japanese_painting_by_hokusai_dinner_plate-r7131177b572a4fafa66491f452e0ed68_ambb0_8byvr_324-150x150.jpg 150w, http:\/\/be-your-self.de\/wp-content\/uploads\/2015\/03\/the_great_wave_japanese_painting_by_hokusai_dinner_plate-r7131177b572a4fafa66491f452e0ed68_ambb0_8byvr_324-300x300.jpg 300w\" sizes=\"auto, (max-width: 324px) 100vw, 324px\" \/><\/a><\/em><\/p>\n<p><span style=\"line-height: 1.5;\">Diese beiden Praktiken vereint wirken vorbeugend und f\u00f6rdern das k\u00f6rperliche Wohlbefinden.\u00a0<\/span><\/p>\n<p><em><strong>&#8222;Domo Arigato Gozaimashita&#8220;\u00a0<\/strong><span style=\"line-height: 1.5;\">Ein<\/span>\u00a0japanischer Gru\u00df der Danksagung und des Vertrauens in das Leben selbst.<\/em><\/p>\n<div class=\"row\">\n<div class=\"col col-sm-4\">\u00a0<\/div>\n<div class=\"col col-sm-4\">\u00a0<\/div>\n<div class=\"col col-sm-4\">\u00a0<\/div>\n<\/div>\n<div class=\"row\">\n<div class=\"col col-sm-4\">\u00a0<\/div>\n<div class=\"col col-sm-4\">\u00a0<\/div>\n<div class=\"col col-sm-4\">\u00a0<\/div>\n<\/div>\n<hr \/>\n<h2>Grinberg Methode &#8211; K\u00f6rper entpanzern und Potential befreien.<\/h2>\n<div class=\"adn ads\" data-message-id=\"#msg-a:r-5880709373763170486\">\n<div class=\"gs\">\n<div class=\"\">\n<div id=\":xz\" class=\"ii gt adO\">\n<div id=\":xy\" class=\"a3s aXjCH \">\n<div dir=\"ltr\">\n<div dir=\"ltr\">\n<div dir=\"ltr\">\n<div dir=\"ltr\">\n<p>Die Grinberg Methode lehrt durch achtsame Ber\u00fchrungen den Ursprung von inneren Stauungen bewusst zu erkennen und sich selbst proaktiv davon zu befreien. Gemeinsam antworten wir auf die Sprache Deines K\u00f6rpers und geben ihm wieder Das wonach er wirklich verlangt! Authentische Bewegungsmuster im Zusammenspiel mit einer vertieften Atmung, sorgen f\u00fcr eine zellulare Reinformation samt Versorgung.<\/p>\n<p><em><strong>&#8211; Ursprungstrauma l\u00f6sen, bedeutet mit dem Schmerz sein zu k\u00f6nnen &#8211;\u00a0<\/strong> <\/em><\/p>\n<p>Jedes Thema ist willkommen, ob physisch oder auch seelischer Natur! Feststeckenede Lebensenergie wird aus dem K\u00f6rper befreit! Lass uns genau betrachten worum es dabei geht und wie Du daraus Kraft gewinnen kannst. Die Grinberg Methode ist eine einzigartige und h\u00f6chst wirksame Art manueller K\u00f6rpertherapie welche auf dem Reinklang der Elemente beruht und selbst traumatische Erfahrungen transformieren kann.<\/p>\n<\/div>\n<\/div>\n<\/div>\n<\/div>\n<\/div>\n<\/div>\n<\/div>\n<\/div>\n<\/div>\n<p>&nbsp;<\/p>\n<p><a href=\"http:\/\/freesoul-dresden.de\/wp-content\/uploads\/2015\/03\/cbba4856-4239-40ad-bbc0-0c07b66884f5-Kopie.jpeg\"><img loading=\"lazy\" decoding=\"async\" class=\"alignnone size-full wp-image-626\" src=\"http:\/\/freesoul-dresden.de\/wp-content\/uploads\/2015\/03\/cbba4856-4239-40ad-bbc0-0c07b66884f5-Kopie.jpeg\" alt=\"cbba4856-4239-40ad-bbc0-0c07b66884f5 Kopie\" width=\"802\" height=\"451\" srcset=\"http:\/\/be-your-self.de\/wp-content\/uploads\/2015\/03\/cbba4856-4239-40ad-bbc0-0c07b66884f5-Kopie.jpeg 802w, http:\/\/be-your-self.de\/wp-content\/uploads\/2015\/03\/cbba4856-4239-40ad-bbc0-0c07b66884f5-Kopie-300x169.jpeg 300w, http:\/\/be-your-self.de\/wp-content\/uploads\/2015\/03\/cbba4856-4239-40ad-bbc0-0c07b66884f5-Kopie-800x451.jpeg 800w\" sizes=\"auto, (max-width: 802px) 100vw, 802px\" \/><\/a><\/p>\n<hr \/>\n<h2 style=\"text-align: center;\"><span style=\"color: #e65a36;\">Energetic Breathing &#8211;\u00a0<\/span><span style=\"color: #e65a36;\">Tiefenatmung <\/span><\/h2>\n<p style=\"text-align: center;\"><strong><em>Die Wiedergeburt in Dein unendliches Sein<\/em><\/strong><\/p>\n<p style=\"text-align: left;\"><span style=\"line-height: 1.5;\"><a href=\"http:\/\/freesoul-dresden.de\/wp-content\/uploads\/2015\/03\/15826412_10207832200747973_5512230609823698238_n.jpg\"><img loading=\"lazy\" decoding=\"async\" class=\" wp-image-932 aligncenter\" src=\"http:\/\/freesoul-dresden.de\/wp-content\/uploads\/2015\/03\/15826412_10207832200747973_5512230609823698238_n.jpg\" alt=\"15826412_10207832200747973_5512230609823698238_n\" width=\"691\" height=\"388\" srcset=\"http:\/\/be-your-self.de\/wp-content\/uploads\/2015\/03\/15826412_10207832200747973_5512230609823698238_n.jpg 960w, http:\/\/be-your-self.de\/wp-content\/uploads\/2015\/03\/15826412_10207832200747973_5512230609823698238_n-300x169.jpg 300w\" sizes=\"auto, (max-width: 691px) 100vw, 691px\" \/><\/a><\/span><\/p>\n<p style=\"text-align: left;\"><span style=\"line-height: 1.5;\">Der Atem ist die wichtigste Energiequelle und direkteste Verbindung zu unserem Unterbewusstsein welches unsere Realit\u00e4t immer wieder auf ein Neues lenkt und bestimmt. Energetisches Atmen birgt die Aufl\u00f6sung vorgeburtlicher Pr\u00e4gung und bringt unmittelbar die Themen zum Vorschein welche wir bis heute nicht sehen oder wollen. Aufgeschobene Wut und Trauer verursachen Verstrickungen und Symptome. Eine solche Atemsitzung l\u00f6st das eigene Kontrollverhalten und l\u00e4sst einfach geschehen. Hierbei begleite ich Dich durch intuitive K\u00f6rperarbeit. Eine anschlie\u00dfende gemeinsame Integration ist Teil dieser Sitzung. Das Holotrope Atmen dient der urspr\u00fcnglichen Befreiung Deines authentsichen Selbst.<br \/><\/span><\/p>\n<hr \/>\n<h2 style=\"text-align: center;\"><span style=\"color: #e65a36;\">Marma Punkt Massage \u00a0<\/span><\/h2>\n<h2 style=\"text-align: center;\"><em style=\"font-size: 16px; line-height: 1.5;\"><b>Ganzheitlich,\u00a0<\/b><strong>verj\u00fcngend &amp; regenerierend.<\/strong><\/em><\/h2>\n<p>Der Begriff <strong>Marma<\/strong> &#8211; <em>Vitalpunkt,<\/em>\u00a0stammt\u00a0aus dem Sanskrit &#8211;<em> alt indische Gelehrtensprache,<\/em>\u00a0und bedeutet soviel wie <em>verborgen<\/em>. Es ist ein sanftes dennoch sehr\u00a0m\u00e4chtiges\u00a0Heilverfahren mit einer unterst\u00fctzenden\u00a0Wirkung welches\u00a0alle Ebenen des Seins ber\u00fchrt.\u00a0Jeder Mensch ist mit\u00a0109 zentralen Marma Punkten versehen, die\u00a0in einer klaren Struktur von Kopf bis Fu\u00df auf der gesamten Haut zu finden sind. Genau unterhalb jener\u00a0vitalisierender\u00a0Tore zum K\u00f6rper, finden\u00a0sich\u00a0Muskeln, Venen, Arterien, Sehnen, Knochen und Gelenke zusammen.<\/p>\n<p><a href=\"http:\/\/freesoul-dresden.de\/wp-content\/uploads\/2015\/03\/il_570xN.780623511_quih1.jpg\"><img loading=\"lazy\" decoding=\"async\" class=\" wp-image-797 alignright\" src=\"http:\/\/freesoul-dresden.de\/wp-content\/uploads\/2015\/03\/il_570xN.780623511_quih1.jpg\" alt=\"il_570xN.780623511_quih\" width=\"417\" height=\"556\" srcset=\"http:\/\/be-your-self.de\/wp-content\/uploads\/2015\/03\/il_570xN.780623511_quih1.jpg 570w, http:\/\/be-your-self.de\/wp-content\/uploads\/2015\/03\/il_570xN.780623511_quih1-225x300.jpg 225w\" sizes=\"auto, (max-width: 417px) 100vw, 417px\" \/><\/a><\/p>\n<p>Die <strong>Marma &#8211; Therapie<\/strong> basiert auf dem Ayurveda <em>\u201eder Wissenschaft vom langen Leben\u201c<\/em> und erweckt\u00a0die inneren heilenden Kr\u00e4fte. Eine solche Aktivierung wirkt nachhaltig auf unsere\u00a0nat\u00fcrlichen Bioenergien:<\/p>\n<p><strong>Vata :<\/strong> Luft \/ Bewegung<strong><em>\u00a0<\/em>Pitta :<\/strong> Feuer \/ Stoffwechsel<strong><em> &amp;<\/em>\u00a0Kapha: <\/strong>Erde\u00a0&#8211;\u00a0Wasser\u00a0\/ Struktur.<\/p>\n<p><strong style=\"line-height: 1.5;\"><em>\u201eEine \u00e4u\u00dferst schonende Form der Massage und daher geeignet f\u00fcr Schwangere und Menschen h\u00f6heren\u00a0Alters&#8220;<\/em><\/strong><\/p>\n<p><span style=\"line-height: 1.5;\">Der\u00a0zus\u00e4tzliche Einsatz\u00a0von \u00e4therischen \u00d6len unterst\u00fctzt die\u00a0Wirkung, womit eine\u00a0Behandlung noch vollkommener wird &#8211; <strong><em>E<\/em><\/strong><\/span><strong><em style=\"line-height: 1.5;\">lefantenstark!\u00a0<\/em><\/strong><\/p>\n<hr \/>\n<p style=\"text-align: center;\"><span style=\"font-size: 16px; line-height: 1.5;\"><a href=\"http:\/\/freesoul-dresden.de\/wp-content\/uploads\/2015\/03\/Bildschirmfoto-2016-01-22-um-11.24.49.png\"><img loading=\"lazy\" decoding=\"async\" class=\"wp-image-486 aligncenter\" src=\"http:\/\/freesoul-dresden.de\/wp-content\/uploads\/2015\/03\/Bildschirmfoto-2016-01-22-um-11.24.49-300x197.png\" alt=\"Bildschirmfoto 2016-01-22 um 11.24.49\" width=\"314\" height=\"206\" srcset=\"http:\/\/be-your-self.de\/wp-content\/uploads\/2015\/03\/Bildschirmfoto-2016-01-22-um-11.24.49-300x197.png 300w, http:\/\/be-your-self.de\/wp-content\/uploads\/2015\/03\/Bildschirmfoto-2016-01-22-um-11.24.49.png 699w\" sizes=\"auto, (max-width: 314px) 100vw, 314px\" \/><\/a><\/span><span style=\"font-size: 16px; line-height: 1.5;\">Angebot: 1x 75\u20ac \/ 2x 120\u20ac \/ 4x 200\u20ac.<\/span><\/p>\n<h5 style=\"text-align: center;\"><a href=\"http:\/\/be-your-self.de\/wp-content\/uploads\/2015\/03\/61433316_212632252953298_5565769108668022784_n.jpg\"><img loading=\"lazy\" decoding=\"async\" class=\"size-full wp-image-4763 aligncenter\" src=\"http:\/\/be-your-self.de\/wp-content\/uploads\/2015\/03\/61433316_212632252953298_5565769108668022784_n.jpg\" alt=\"\" width=\"606\" height=\"405\" srcset=\"http:\/\/be-your-self.de\/wp-content\/uploads\/2015\/03\/61433316_212632252953298_5565769108668022784_n.jpg 606w, http:\/\/be-your-self.de\/wp-content\/uploads\/2015\/03\/61433316_212632252953298_5565769108668022784_n-300x200.jpg 300w\" sizes=\"auto, (max-width: 606px) 100vw, 606px\" \/><\/a><\/h5>\n\n\n<p><em>Body Work und Alle weiteren Angebote rund um &#8211; Be Your Self &#8211; sind pers\u00f6nliche Erfahrungswerte und dienen der Aktivierung der Selbstheilungs-Kr\u00e4fte. Dieselei Praktiken unterliegen keiner Heilpraktiker oder schulmedizinischen psychologischen Ausbildung<\/em>. Danke f\u00fcr Deine Kenntnisnahme!<\/p>\n","protected":false},"excerpt":{"rendered":"<p>\u00a0 Hallo Du Liebe&#8217;r ruft Dein K\u00f6rper nach Entspannung, w\u00fcnschst Du Dir ber\u00fchrt zu werden, oder h\u00e4lt Dich noch eine Erinnerung, welche Du in Dir erl\u00f6sen magst? G\u00f6nne Dir eine Stunde Bodywork mit mir.. zum Dezember Spezial 35oder verschenke mich ( ; Ich komm gerne bei dir vorbei wenn es passt und unterst\u00fctze Deine Harmonisierung. [&hellip;]<\/p>\n","protected":false},"author":2,"featured_media":0,"parent":0,"menu_order":4,"comment_status":"closed","ping_status":"closed","template":"","meta":{"footnotes":""},"class_list":["post-139","page","type-page","status-publish","hentry"],"_links":{"self":[{"href":"http:\/\/be-your-self.de\/index.php?rest_route=\/wp\/v2\/pages\/139","targetHints":{"allow":["GET"]}}],"collection":[{"href":"http:\/\/be-your-self.de\/index.php?rest_route=\/wp\/v2\/pages"}],"about":[{"href":"http:\/\/be-your-self.de\/index.php?rest_route=\/wp\/v2\/types\/page"}],"author":[{"embeddable":true,"href":"http:\/\/be-your-self.de\/index.php?rest_route=\/wp\/v2\/users\/2"}],"replies":[{"embeddable":true,"href":"http:\/\/be-your-self.de\/index.php?rest_route=%2Fwp%2Fv2%2Fcomments&post=139"}],"version-history":[{"count":743,"href":"http:\/\/be-your-self.de\/index.php?rest_route=\/wp\/v2\/pages\/139\/revisions"}],"predecessor-version":[{"id":10462,"href":"http:\/\/be-your-self.de\/index.php?rest_route=\/wp\/v2\/pages\/139\/revisions\/10462"}],"wp:attachment":[{"href":"http:\/\/be-your-self.de\/index.php?rest_route=%2Fwp%2Fv2%2Fmedia&parent=139"}],"curies":[{"name":"wp","href":"https:\/\/api.w.org\/{rel}","templated":true}]}}