{"id":129,"date":"2015-03-25T16:29:56","date_gmt":"2015-03-25T16:29:56","guid":{"rendered":"https:\/\/freesouldd.wordpress.com\/?page_id=129"},"modified":"2026-04-29T08:09:57","modified_gmt":"2026-04-29T08:09:57","slug":"spirit-contact-%c2%b7-elementar-healing","status":"publish","type":"page","link":"http:\/\/be-your-self.de\/?page_id=129","title":{"rendered":"Self Contact"},"content":{"rendered":"<h3 style=\"text-align: center;\"><i><em>Holistisch Ganzheitlich &#8211; Authentisch Verk\u00f6rpert<\/em><\/i><\/h3>\n<p style=\"text-align: center;\"><em>Sei herzlich gegr\u00fc\u00dft! Was bedeutet es f\u00fcr Dich &#8211; Du Selbst zu sein? <\/em><i><em>W<\/em><\/i><em>illkommen <\/em><em>in dieser fazinierenden Wandlungszeit individueller Umkehrung in unsere freudvolle Nat\u00fcrlichkeit.<\/em><\/p>\n<p style=\"text-align: left;\"><em><a href=\"http:\/\/be-your-self.de\/wp-content\/uploads\/2015\/03\/20190526_204547.jpg\"><img loading=\"lazy\" decoding=\"async\" class=\" wp-image-4336 alignleft\" src=\"http:\/\/be-your-self.de\/wp-content\/uploads\/2015\/03\/20190526_204547.jpg\" alt=\"\" width=\"421\" height=\"562\" srcset=\"http:\/\/be-your-self.de\/wp-content\/uploads\/2015\/03\/20190526_204547.jpg 461w, http:\/\/be-your-self.de\/wp-content\/uploads\/2015\/03\/20190526_204547-225x300.jpg 225w\" sizes=\"auto, (max-width: 421px) 100vw, 421px\" \/><\/a><\/em><strong>Paradigmenwechsel.<\/strong> Wir befinden uns in einem kollektiven Quantensprung &#8211; ein reinigender Erkenntnisprozess von scheinbarer Begrenztheit zur\u00fcck zur wahren Essenz.\u00a0<\/p>\n<p style=\"text-align: left;\"><strong>Eigenflowimpulsation. <\/strong>Inne halten, sich vergegenw\u00e4rtigen, damit sein was gerade ist &#8211; und sich\u00a0wiederum von der ordnenden Kraft neuausrichten lassen.<\/p>\n<p style=\"text-align: left;\"><strong>Wesensartentfaltung. <\/strong>Ich f\u00fchle mich berufen, ber\u00fchrende Erfahrungsr\u00e4ume zu gestalten &#8211; biete Dir Orientierung im spirituellen Berreich.<\/p>\n<p style=\"text-align: left;\"><strong style=\"line-height: 1.5;\"><em>Tilman Freeman&#8217;26 <\/em><\/strong><em>&#8222;<\/em><em>Ich bin himmlisch im Vertrauen &#8211; habe bereits, und nehme dankbar <\/em><em>meinen Platz <\/em><em>auf Erden ein.<\/em><em>&#8222;<\/em><\/p>\n<p style=\"text-align: center;\">Nach Jahrzehnten eigener Selbstforschung habe ich f\u00fcr mich das Verst\u00e4ndnis des kosmischen Menschseins realisiert. Als spiritueller Praktiker gibt es f\u00fcr mich vielerlei Konzepte und im Grunde nur eine gemeinsame Wirklichkeit. Hiermit teile ich meine verantwortungsvolle Perspekive mit dir, gehst Du damit in Resonanz?<\/p>\n<p style=\"text-align: center;\"><em><strong>Unsere Urspr\u00fcnglichkeit, ist fernab von Polarit\u00e4t &amp; bleibt <\/strong><\/em><em><strong>vollkommen<\/strong><\/em> <em><strong>unber\u00fchrt<\/strong><\/em><em><strong>.<\/strong><\/em><\/p>\n<p style=\"text-align: center;\"><em>Sowohl sich bedingungsfrei begegnen als auch in Zustands\u00e4nderung bewahren. Was ist f\u00fcr Dich vorgesehen, und m\u00f6chte auf <\/em><em>einzigartige <\/em><em>Weise durch Dich gestaltet werden?<\/em><\/p>\n<p style=\"text-align: center;\"><em><strong>Innen f\u00fchlbar und Au\u00dfen wirksam &#8211; die Kraft daf\u00fcr stammt aus der <\/strong><\/em><em><strong>Quelle in uns.<\/strong><\/em><\/p>\n<p style=\"text-align: center;\"><em>Ich unterst\u00fctze Dich dabei freudvoll in Deiner reinen Schwingung gegr\u00fcndet zu sein &#8211; Dich als geistig verk\u00f6rpertes Wesen zu sehen &#8211; ganz klar mit dem vereint was Dich zum leuchten bringt.<\/em><\/p>\n<p style=\"text-align: center;\"><a style=\"line-height: 1.5;\" href=\"http:\/\/be-your-self.de\/wp-content\/uploads\/2015\/03\/20171201_132209-1.jpg\"><img loading=\"lazy\" decoding=\"async\" class=\"alignright size-full wp-image-2563\" src=\"http:\/\/be-your-self.de\/wp-content\/uploads\/2015\/03\/20171201_132209-1.jpg\" alt=\"\" width=\"4255\" height=\"1207\" srcset=\"http:\/\/be-your-self.de\/wp-content\/uploads\/2015\/03\/20171201_132209-1.jpg 4255w, http:\/\/be-your-self.de\/wp-content\/uploads\/2015\/03\/20171201_132209-1-300x85.jpg 300w, http:\/\/be-your-self.de\/wp-content\/uploads\/2015\/03\/20171201_132209-1-768x218.jpg 768w, http:\/\/be-your-self.de\/wp-content\/uploads\/2015\/03\/20171201_132209-1-1024x290.jpg 1024w\" sizes=\"auto, (max-width: 4255px) 100vw, 4255px\" \/><\/a><\/p>\n<p style=\"text-align: center;\"><a style=\"font-style: italic;\" href=\"http:\/\/be-your-self.de\/wp-content\/uploads\/2015\/03\/flyer-wake-up-1-Kopie.gif\"><img loading=\"lazy\" decoding=\"async\" class=\" wp-image-3991 alignleft\" src=\"http:\/\/be-your-self.de\/wp-content\/uploads\/2015\/03\/flyer-wake-up-1-Kopie.gif\" alt=\"\" width=\"374\" height=\"532\" \/><\/a><\/p>\n<p style=\"text-align: center;\"><strong><em>Essenzielles Erwachen &#8211;\u00a0<\/em><\/strong><strong><em>Involution <\/em><\/strong><strong><em>Erf\u00fclltheit. &#8222;Seit dem ich im liebenden Herzen verankert bin, denke ich anders.&#8220;<\/em><\/strong><\/p>\n<p style=\"text-align: center;\">Kosmische Herkunft &#8211; Grundlos Gl\u00fccklich &#8211; Auferstehungspoesie &#8211; Metaselbst Erforschung &#8211; Matrixwechsel Weiblichkeit &#8211; Stille Heimat Ekstase.<\/p>\n<p style=\"text-align: left;\">Mir wurde gezeigt die Welten unterscheiden zu k\u00f6nnen und Urgetrennheit zu umarmen &#8211; mich einfach dem Ruf der Seele hinzugeben. Heute interagiere ich zum h\u00f6chsten Wohle &#8211; geniesse mich in Intensit\u00e4t und herzzentraler Eingebundenheit. Ja, ich bin das Alles &#8211; und offenbare mir unendliche M\u00f6glichkeiten.\u00a0<\/p>\n<p style=\"text-align: left;\"><a href=\"http:\/\/be-your-self.de\/wp-content\/uploads\/2015\/03\/lkFJ50xw.jpg\"><img loading=\"lazy\" decoding=\"async\" class=\"wp-image-6197 alignright\" src=\"http:\/\/be-your-self.de\/wp-content\/uploads\/2015\/03\/lkFJ50xw.jpg\" alt=\"\" width=\"324\" height=\"432\" srcset=\"http:\/\/be-your-self.de\/wp-content\/uploads\/2015\/03\/lkFJ50xw.jpg 3024w, http:\/\/be-your-self.de\/wp-content\/uploads\/2015\/03\/lkFJ50xw-225x300.jpg 225w, http:\/\/be-your-self.de\/wp-content\/uploads\/2015\/03\/lkFJ50xw-768x1024.jpg 768w, http:\/\/be-your-self.de\/wp-content\/uploads\/2015\/03\/lkFJ50xw-800x1067.jpg 800w\" sizes=\"auto, (max-width: 324px) 100vw, 324px\" \/><\/a><strong>Self Contact<\/strong> ist meine Einladung an Dich, urs\u00e4chlich wirksame Konflikte im Unterbewusstsein zu befrieden &#8211; &#8230;ist Befreiung von Leidenssympthomatik durch den Schatten ins Jetzt. <strong>Self Contact<\/strong> ist\u00a0 &#8211; bejahendes F\u00fchlen, traumasensible Anteilearbeit und wegbegleitende Integration, zum Wohle w\u00fcrdevoller Lebensgestaltung.<\/p>\n<p style=\"text-align: center;\"><em><strong>&#8222;Alles was es braucht &#8211; ist die eigene Pr\u00e4senz, und innere Frequenz wird sich wandeln&#8220;<\/strong><\/em><\/p>\n<p style=\"text-align: center;\"><em>Stehst Du vor einer wichtigen Entscheidung &#8211; auf welcher<\/em><em> Ebene braucht es nun Deine Hinwednung<\/em><em>? T<\/em><em>ausche Dich gern mit mir dar\u00fcber aus. Im c<\/em><em>oregulativen Miteinander geschieht die ersehnte Heilung.<\/em><\/p>\n<p style=\"text-align: center;\"><em><strong>Self Contact<\/strong> &#8211; ist Regeneration und Neusch\u00f6pfung in \u00dcbereinstimmung mit Deiner Entsprechung.<\/em><\/p>\n<hr \/>\n<p style=\"text-align: center;\" align=\"CENTER\"><a style=\"line-height: 1.5;\" href=\"http:\/\/be-your-self.de\/wp-content\/uploads\/2015\/03\/flyer-wake-up-2-1.jpg\"><img loading=\"lazy\" decoding=\"async\" class=\"alignright size-full wp-image-4124\" src=\"http:\/\/be-your-self.de\/wp-content\/uploads\/2015\/03\/flyer-wake-up-2-1.jpg\" alt=\"\" width=\"1252\" height=\"886\" srcset=\"http:\/\/be-your-self.de\/wp-content\/uploads\/2015\/03\/flyer-wake-up-2-1.jpg 1252w, http:\/\/be-your-self.de\/wp-content\/uploads\/2015\/03\/flyer-wake-up-2-1-300x212.jpg 300w, http:\/\/be-your-self.de\/wp-content\/uploads\/2015\/03\/flyer-wake-up-2-1-768x543.jpg 768w, http:\/\/be-your-self.de\/wp-content\/uploads\/2015\/03\/flyer-wake-up-2-1-1024x725.jpg 1024w\" sizes=\"auto, (max-width: 1252px) 100vw, 1252px\" \/><\/a><em><strong>&#8211; s<\/strong><\/em><em><strong>p\u00fcrbar i<\/strong><\/em><em><strong>m Kraftfeld Gottes <\/strong><\/em><em><strong>unterwegs &#8211;<\/strong><\/em><\/p>\n<p style=\"text-align: center;\"><em>Wie steht es um Deine Leichtigkeit &#8211; glaubst Du noch daran alles selbst (er)schaffen zu m\u00fcssen? <\/em>In Koher\u00e4nz mit der h\u00f6chsten F\u00fchrung in Dir, findet sich der wahre Halt. Nimm Deine G\u00f6ttlichkeit wieder an und dessen absoluter Energiestrom wird Dir zu Teil. <strong>Ich nehme Dich hier gerne mit&#8230;<\/strong><\/p>\n<p style=\"text-align: center;\" align=\"CENTER\"><span style=\"line-height: 1.5;\">M\u00f6chtest Du meinem Newsletter abonnieren? Melde Dich an: kontakt@be-your-self.de\u00a0<\/span><\/p>\n<p style=\"text-align: center;\"><strong>Tilman Freeman<\/strong><strong> &#8211; <\/strong>Body Mind Fullness &#8211; True Self Empowering &#8211; Holistic Healing Inspiration\u00a0<\/p>\n<p style=\"text-align: center;\">Ganzheitliche 1:1 Beratung &#8211; Naturheilkunde &amp; Aurafeldkl\u00e4rung &#8211; \u00dcbersinnliche Bewusstseins Erweiterung &#8211; Erwachtes Partnerschafts Coaching f\u00fcr echte Verbindung in Liebe&#8230;<\/p>\n<p style=\"text-align: center;\">Kontakt:<b> 0162 6136633 <\/b>(auch Telegram) &#8211; <em>Finanzieller Ausgleich ganz nach M\u00f6glichkeit.<\/em><\/p>\n<p style=\"text-align: center;\"><span style=\"color: #000080;\"><span lang=\"zxx\"><span style=\"color: #000000;\"><span style=\"font-family: 'comic sans ms', sans-serif;\"><span style=\"font-size: xx-small;\">Alle hier aufgef\u00fchrten Angebote von Be Your Self zur Lebensberatung und Geistigem Heilen dienen ausschlie\u00dflich der Aktivierung der Selbstheilungskr\u00e4fte \/ Inspiration und ersetzen nicht die Diagnose oder Behandlung durch den Arzt, Psychotherapeuten oder Heilpraktiker. Die Teilnahme an Einzelsitzungen \u2013 privat oder Workshops, Paararbeit, Gruppen, Retreats, ist freiwillig und ist selbstverantwortlich von jedem Teilnehmer getragen.<br \/><\/span><\/span><\/span><\/span><\/span><\/p>\n\n\n<p><\/p>\n","protected":false},"excerpt":{"rendered":"<p>Holistisch Ganzheitlich &#8211; Authentisch Verk\u00f6rpert Sei herzlich gegr\u00fc\u00dft! Was bedeutet es f\u00fcr Dich &#8211; Du Selbst zu sein? Willkommen in dieser fazinierenden Wandlungszeit individueller Umkehrung in unsere freudvolle Nat\u00fcrlichkeit. Paradigmenwechsel. Wir befinden uns in einem kollektiven Quantensprung &#8211; ein reinigender Erkenntnisprozess von scheinbarer Begrenztheit zur\u00fcck zur wahren Essenz.\u00a0 Eigenflowimpulsation. Inne halten, sich vergegenw\u00e4rtigen, damit sein [&hellip;]<\/p>\n","protected":false},"author":2,"featured_media":0,"parent":0,"menu_order":3,"comment_status":"closed","ping_status":"closed","template":"","meta":{"footnotes":""},"class_list":["post-129","page","type-page","status-publish","hentry"],"_links":{"self":[{"href":"http:\/\/be-your-self.de\/index.php?rest_route=\/wp\/v2\/pages\/129","targetHints":{"allow":["GET"]}}],"collection":[{"href":"http:\/\/be-your-self.de\/index.php?rest_route=\/wp\/v2\/pages"}],"about":[{"href":"http:\/\/be-your-self.de\/index.php?rest_route=\/wp\/v2\/types\/page"}],"author":[{"embeddable":true,"href":"http:\/\/be-your-self.de\/index.php?rest_route=\/wp\/v2\/users\/2"}],"replies":[{"embeddable":true,"href":"http:\/\/be-your-self.de\/index.php?rest_route=%2Fwp%2Fv2%2Fcomments&post=129"}],"version-history":[{"count":6082,"href":"http:\/\/be-your-self.de\/index.php?rest_route=\/wp\/v2\/pages\/129\/revisions"}],"predecessor-version":[{"id":11262,"href":"http:\/\/be-your-self.de\/index.php?rest_route=\/wp\/v2\/pages\/129\/revisions\/11262"}],"wp:attachment":[{"href":"http:\/\/be-your-self.de\/index.php?rest_route=%2Fwp%2Fv2%2Fmedia&parent=129"}],"curies":[{"name":"wp","href":"https:\/\/api.w.org\/{rel}","templated":true}]}}