{"id":103,"date":"2015-03-06T18:45:17","date_gmt":"2015-03-06T18:45:17","guid":{"rendered":"https:\/\/freesouldd.wordpress.com\/?page_id=103"},"modified":"2025-09-17T19:42:39","modified_gmt":"2025-09-17T19:42:39","slug":"vita","status":"publish","type":"page","link":"http:\/\/be-your-self.de\/?page_id=103","title":{"rendered":"\u00dcber Mich"},"content":{"rendered":"<h3 style=\"text-align: center;\"><a href=\"http:\/\/be-your-self.de\/wp-content\/uploads\/2024\/10\/IMG_20241016_160454_4261.jpg\"><img loading=\"lazy\" decoding=\"async\" class=\"alignright size-full wp-image-9409\" src=\"http:\/\/be-your-self.de\/wp-content\/uploads\/2024\/10\/IMG_20241016_160454_4261.jpg\" alt=\"\" width=\"1280\" height=\"961\" srcset=\"http:\/\/be-your-self.de\/wp-content\/uploads\/2024\/10\/IMG_20241016_160454_4261.jpg 1280w, http:\/\/be-your-self.de\/wp-content\/uploads\/2024\/10\/IMG_20241016_160454_4261-300x225.jpg 300w, http:\/\/be-your-self.de\/wp-content\/uploads\/2024\/10\/IMG_20241016_160454_4261-1024x769.jpg 1024w, http:\/\/be-your-self.de\/wp-content\/uploads\/2024\/10\/IMG_20241016_160454_4261-768x577.jpg 768w, http:\/\/be-your-self.de\/wp-content\/uploads\/2024\/10\/IMG_20241016_160454_4261-800x600.jpg 800w\" sizes=\"auto, (max-width: 1280px) 100vw, 1280px\" \/><\/a><\/h3>\n<p style=\"text-align: center;\">VITA &#8211; lit\u00e4t<\/p>\n<p style=\"text-align: center;\"><strong><em>&#8222;Ich \u00f6ffne mich f\u00fcr das Leben und lasse mich in der Tiefe ber\u00fchren<\/em><\/strong><strong><em>&#8222;<\/em><\/strong><\/p>\n<p style=\"text-align: center;\"><em>Magst Du meinen Weg ? Ich <\/em><em>teile gern meinen gesamten Erfahrungsschatz mit Dir.<\/em><\/p>\n<h3 style=\"text-align: center;\"><strong>2025<\/strong><\/h3>\n<ul style=\"text-align: center;\">\n<li>Lichtk\u00f6rper Kristallpunkte Aktivierung in Kombination mit Soundhealing Body Toning<\/li>\n<li>MET Klopftechnik &#8211; Transformative Umkehrung in nat\u00fcrliches F\u00fclle Bewusstsein<\/li>\n<li>HuiChung ChiGong &#8211; Energiefluss Bewegungskultivierung &#8211; Einzeltraining F.Beck<\/li>\n<li>F\u00fchlende R\u00e4ume Kongress (HH) &#8211; Sich in sich Selbst erkennen \/ Geldwesen &amp; Geb\u00e4rmutteraufstellung<\/li>\n<\/ul>\n<h3>\u00a0\u00a0\u00a0\u00a0\u00a0\u00a0\u00a0\u00a0\u00a0\u00a0\u00a0\u00a0\u00a0\u00a0\u00a0\u00a0\u00a0\u00a0\u00a0\u00a0\u00a0\u00a0\u00a0\u00a0\u00a0\u00a0\u00a0\u00a0\u00a0\u00a0\u00a0\u00a0\u00a0\u00a0\u00a0\u00a0\u00a0\u00a0\u00a0\u00a0\u00a0\u00a0\u00a0\u00a0\u00a0\u00a0\u00a0\u00a0\u00a0\u00a0\u00a0\u00a0\u00a0\u00a0\u00a0\u00a0\u00a0\u00a0\u00a0\u00a0\u00a0\u00a0\u00a0\u00a0\u00a0\u00a0\u00a0\u00a0\u00a0\u00a0\u00a0\u00a0 2024<\/h3>\n<ul style=\"text-align: center;\">\n<li>Abl\u00f6sung materialistsicher Pr\u00e4gung\u00a0 &#8211; \u00dcbergang in spirituelle K\u00f6rperdimension<\/li>\n<li>Harmonisierung durch neurographische Wandlungs-Methodik<\/li>\n<li>&#8222;U &#8211; Sin&#8220; &#8211; Russische Energiemedizin &#8211; R\u00fcckgewinnung von abgespalteten Gehirnarealen<\/li>\n<\/ul>\n<p style=\"text-align: center;\">*<\/p>\n<ul style=\"text-align: center;\">\n<li>Finalisierung des 4j\u00e4hrigen Werkes &#8222;Cosmic Joyflow&#8220; lokales Handout<\/li>\n<li>Erste Erfahrung als Sterbebegleiter &lt;3<\/li>\n<li>Achtsames &#8222;Schmauen&#8220;- schlucken, kauen, geniessen<\/li>\n<\/ul>\n<h3 style=\"text-align: center;\"><strong>20<\/strong><strong>23 <\/strong><\/h3>\n<ul>\n<li style=\"text-align: center;\">\u00a0\u00a0\u00a0\u00a0\u00a0\u00a0\u00a0\u00a0\u00a0 Gottspiritualit\u00e4t &#8211; Hingabevertiefung \/ Teil der g\u00f6ttlichen Wandlungsbewegung<\/li>\n<li style=\"text-align: center;\">Der Narr &#8211; Wiederentdeckung eigener humorvollen Qualit\u00e4t<\/li>\n<li style=\"text-align: center;\">In Kontakt mit meinen Wurzeln in Atlantis, Avalon, Lemuria&#8230;<\/li>\n<li style=\"text-align: center;\">Moderne Bioenergetische Entpanzerung &#8211; nach Wilhelm Reich<\/li>\n<li style=\"text-align: center;\">Osho New Dawn Dresden &#8211; Gemeinschaftsleben<\/li>\n<\/ul>\n<h3 style=\"text-align: center;\"><strong>2021<\/strong><\/h3>\n<ul>\n<li style=\"text-align: center;\">Roadtrip &amp; Freecamping &#8211; Entdeckungsabenteuer Kroatien<\/li>\n<li style=\"text-align: center;\">Lu Jong &#8211; Tibetisches Heilyoga &#8211; t\u00e4gliche Praxis &#8211; gesunder K\u00f6rper &amp; ruhiger\u00a0Geist<\/li>\n<li style=\"text-align: center;\">Inspiration Anja Wagner &#8211; Holistische Energie Medizin<\/li>\n<\/ul>\n<p style=\"text-align: center;\"><strong>2020<\/strong><\/p>\n<ul style=\"text-align: center;\">\n<li>Unterst\u00fctzung und Aufbau &#8211; Golden Yoga Dresden &#8211; Spirituelles Zentrum<\/li>\n<li>&#8222;Planeten Code&#8220; &#8211; Schamanische Astrologie + Enneagramm\u00a0Impulse<\/li>\n<li>Erforschung des seelischen Flow Zustand Ph\u00e4nomens<\/li>\n<li>Nat\u00fcrliche Heilnahrung &amp; Mehrdimensionale Entgiftung des K\u00f6rpersystems<\/li>\n<li>Freier Praktiker f\u00fcr Breathwork &amp; Rebalancing<\/li>\n<\/ul>\n<p style=\"text-align: center;\"><strong><a href=\"http:\/\/be-your-self.de\/wp-content\/uploads\/2015\/03\/VTEgji4Q.jpg\"><img loading=\"lazy\" decoding=\"async\" class=\"alignright wp-image-6344\" src=\"http:\/\/be-your-self.de\/wp-content\/uploads\/2015\/03\/VTEgji4Q.jpg\" alt=\"\" width=\"378\" height=\"504\" srcset=\"http:\/\/be-your-self.de\/wp-content\/uploads\/2015\/03\/VTEgji4Q.jpg 3024w, http:\/\/be-your-self.de\/wp-content\/uploads\/2015\/03\/VTEgji4Q-225x300.jpg 225w, http:\/\/be-your-self.de\/wp-content\/uploads\/2015\/03\/VTEgji4Q-768x1024.jpg 768w, http:\/\/be-your-self.de\/wp-content\/uploads\/2015\/03\/VTEgji4Q-800x1067.jpg 800w\" sizes=\"auto, (max-width: 378px) 100vw, 378px\" \/><\/a>20<\/strong><strong>19<\/strong><\/p>\n<ul style=\"text-align: center;\">\n<li>Weiterbildung in Entwicklungstrauma Therapie<\/li>\n<li>TM Technologie &#8211; Praxis der Tranzendentalen Meditation<\/li>\n<li>Wake Up! Matrix Wissen und Aufstieg in der Zeitenwende 3D-5D&#8230; Ph\u00e4nomen<\/li>\n<li>Jetzt leben ! EINSEIN &#8211; Studium Nondualit\u00e4t und Aidvaita\u00a0Hintergrund<\/li>\n<li>Sch\u00f6pfer\/in Kraft &#8211;\u00a0Manifestation &amp;\u00a0bewusste Realit\u00e4tsgestaltung.<\/li>\n<\/ul>\n<p style=\"text-align: center;\"><strong><span style=\"text-align: left; line-height: 1.5;\">2017<\/span><\/strong><strong style=\"text-align: left; line-height: 1.5;\"> \/ 2018<\/strong><\/p>\n<ul style=\"text-align: center;\">\n<li>Emotion Detox Intensiv &#8211; Pyren\u00e4en \/ Frankreich &#8211; Gaston Bacchiani<\/li>\n<li>Breatharian World Festival (IT) &#8211; Lichtk\u00f6rper-Prozess und pranische Ern\u00e4hrung<\/li>\n<li>Gestaltung von Chi Movement&#8217;s &#8211; Verbindung von Qi Gong &amp; Kalari Vidya<\/li>\n<\/ul>\n<ul style=\"text-align: center;\">\n<li>Teilnahme &#8222;Gef\u00fchle stellen&#8220; mit Ellen Kalwait<\/li>\n<li>VISION DANCE &#8211; Soundhealing Journey&#8217;s in Dresden<\/li>\n<li>La Palma &#8211; Atlantic Island. Authentic Movement @ Ganeshamor:<\/li>\n<li>Liebe Sein &#8211; Polyamory. Authentisches Miteinander &#8211; Christopher Gottwald.<\/li>\n<li>Lichtnahrungs &#8211; Retreat &#8211; The Way of Pranic Living &#8211; Elitom El Amin.<\/li>\n<li>Peace Food &#8211; Yippieh &#8211; Ich bin Rohk\u00f6stler !<\/li>\n<li>Body Evolution &#8211; Somatic Contact &#8211; Roland Frenzel &amp; Daniel Werner.<\/li>\n<li>Selbststudium: Quantenheilung \/ 2 Punktmethode \/ Thai Yogamassage.<\/li>\n<li>Einstieg in die Kunst des Gesichtlesen mit Anne Fierhauser &#8211; Tortuga Coaching DD.<\/li>\n<li>Tantrisches Paradies &#8211; Korfu \/ Nils Kriedner &amp; Taste of Tantra &#8211; J. Hawken<\/li>\n<li><span style=\"line-height: 1.5;\">Slawische Heilweisen &#8211; Swarga &amp; Eisernes Hemd &#8211; K\u00f6rperoptimierung &#8211; D. Lapshinov.<\/span><\/li>\n<li>Raus aus der Stadt &#8211; Leben in der s\u00e4chsischen Schweiz.<\/li>\n<li>Inspiration durch Sch\u00f6pferbewusstsein &#8211; Roman Hafner \/ Essential Heart.<a href=\"http:\/\/be-your-self.de\/wp-content\/uploads\/2015\/03\/Foto-15.08.21_-14-29-43.jpg\"><img loading=\"lazy\" decoding=\"async\" class=\"alignright size-full wp-image-6352\" src=\"http:\/\/be-your-self.de\/wp-content\/uploads\/2015\/03\/Foto-15.08.21_-14-29-43.jpg\" alt=\"\" width=\"4032\" height=\"3024\" srcset=\"http:\/\/be-your-self.de\/wp-content\/uploads\/2015\/03\/Foto-15.08.21_-14-29-43.jpg 4032w, http:\/\/be-your-self.de\/wp-content\/uploads\/2015\/03\/Foto-15.08.21_-14-29-43-300x225.jpg 300w, http:\/\/be-your-self.de\/wp-content\/uploads\/2015\/03\/Foto-15.08.21_-14-29-43-768x576.jpg 768w, http:\/\/be-your-self.de\/wp-content\/uploads\/2015\/03\/Foto-15.08.21_-14-29-43-1024x768.jpg 1024w, http:\/\/be-your-self.de\/wp-content\/uploads\/2015\/03\/Foto-15.08.21_-14-29-43-800x600.jpg 800w\" sizes=\"auto, (max-width: 4032px) 100vw, 4032px\" \/><\/a><\/li>\n<\/ul>\n<p style=\"text-align: center;\"><strong style=\"line-height: 1.5;\">2015 \/ 2016<\/strong><\/p>\n<ul style=\"text-align: center;\">\n<li>Integration\u00a0Person &amp; H\u00f6heres &#8211; Selbst. M.G. Sophia Morgenstern.<\/li>\n<li>Teilnahme an Meral &#8211; Kraftpl\u00e4tze der neuen Zeit + Leben im Wald &#8211; T. Rassadin.<\/li>\n<li>Absolvierung\u00a0Lichtschamanischer &#8211; Energie Heiler &#8211; Ausbildung im Raum Dresden.<\/li>\n<li>ParaTan- Mantra Yoga. Tantrische &#8211; Yoni Heilung &amp; Massage. Shri Param Eswaran.<\/li>\n<li>Anwendung von Agnihotra &#8211; vedisches Feuer &amp; Reinigungsritual.<\/li>\n<li>Un Hun &#8211; Sound of the Sun &#8211; Kehlkopf-Heilgesang mit Vladislaw Matrenitzky.<\/li>\n<li>Dance to Heal the Earth &#8211; Schweden, Elder &amp; Medizin Frau &#8211; Robin Youngblood.<\/li>\n<li>Navaratri Zeremonie in Bulgarien, Markus Maria Ludwig.<\/li>\n<li>Schamanischer Trommelbau mit Eskimo Hivschu.<\/li>\n<li>Rebirthing, Leitung Esther Goebel bei Dresden.<\/li>\n<li>Schamanische Peyote Zeremonie &#8211; Leitung Otakame (Mexico).<\/li>\n<li>Ankunft meiner Tochter Nora.<\/li>\n<\/ul>\n<p><a href=\"http:\/\/be-your-self.de\/wp-content\/uploads\/2015\/03\/Foto-21.08.21_-13-23-05-1.jpg\"><img loading=\"lazy\" decoding=\"async\" class=\"alignright size-full wp-image-6668\" src=\"http:\/\/be-your-self.de\/wp-content\/uploads\/2015\/03\/Foto-21.08.21_-13-23-05-1.jpg\" alt=\"\" width=\"4032\" height=\"3024\" srcset=\"http:\/\/be-your-self.de\/wp-content\/uploads\/2015\/03\/Foto-21.08.21_-13-23-05-1.jpg 4032w, http:\/\/be-your-self.de\/wp-content\/uploads\/2015\/03\/Foto-21.08.21_-13-23-05-1-300x225.jpg 300w, http:\/\/be-your-self.de\/wp-content\/uploads\/2015\/03\/Foto-21.08.21_-13-23-05-1-768x576.jpg 768w, http:\/\/be-your-self.de\/wp-content\/uploads\/2015\/03\/Foto-21.08.21_-13-23-05-1-1024x768.jpg 1024w, http:\/\/be-your-self.de\/wp-content\/uploads\/2015\/03\/Foto-21.08.21_-13-23-05-1-800x600.jpg 800w\" sizes=\"auto, (max-width: 4032px) 100vw, 4032px\" \/><\/a><\/p>\n<ul style=\"text-align: center;\">\n<li>Training im Ashtanga-Vinjasa Yoga Research Center Ubud \/ Bali.<\/li>\n<li>Besuch im Sri Aurobindo &amp; Ramana Maharshi Ashram.<\/li>\n<li>2 monatiger Aufenthalt\u00a0 bei\u00a0Amma \/ Amrithapuri &amp; Babaji Ashram \/ Haidakhan.<\/li>\n<li>Weiterbildung in Ayurvedischer Marmapunkt \u2013 Ganzk\u00f6rperbehandlung \/ Rishikesh.<\/li>\n<li>Einweihung\u00a0von Kailash Kokopelli &#8211; Indianische Schwitzh\u00fctte &amp; zeremonial SanPedro.<\/li>\n<li>Besuch im Sri Vast Center &#8211; Schweden.<\/li>\n<li>Community &#8211; Leben auf dem Land. Obersteiermark \/\u00a0\u00d6sterreich.<\/li>\n<li>Woofing in Portugal. Entdeckung meiner F\u00e4higkeiten\u00a0in Permaculture &amp; Land-Art.<\/li>\n<li>Selbststudium von\u00a0Medizinr\u00e4dern &#8211; Didgeridoo, Gitarre und Djembe.<\/li>\n<\/ul>\n<p><a href=\"http:\/\/be-your-self.de\/wp-content\/uploads\/2015\/03\/nJ4DcLEA.jpg\"><img loading=\"lazy\" decoding=\"async\" class=\"alignright wp-image-6348\" src=\"http:\/\/be-your-self.de\/wp-content\/uploads\/2015\/03\/nJ4DcLEA.jpg\" alt=\"\" width=\"356\" height=\"475\" srcset=\"http:\/\/be-your-self.de\/wp-content\/uploads\/2015\/03\/nJ4DcLEA.jpg 3024w, http:\/\/be-your-self.de\/wp-content\/uploads\/2015\/03\/nJ4DcLEA-225x300.jpg 225w, http:\/\/be-your-self.de\/wp-content\/uploads\/2015\/03\/nJ4DcLEA-768x1024.jpg 768w, http:\/\/be-your-self.de\/wp-content\/uploads\/2015\/03\/nJ4DcLEA-800x1067.jpg 800w\" sizes=\"auto, (max-width: 356px) 100vw, 356px\" \/><\/a><\/p>\n<p style=\"text-align: center;\"><strong>2011 \/ 2012<\/strong><\/p>\n<ul style=\"text-align: center;\">\n<li>Praktikum bei AD-Fontis &#8211;\u00a0Ayurveda Praxis (B) &#8211; Kalari Krieger Massage.<\/li>\n<li>Teilnahme des Grundkurses im Marma Nadisystem &#8211; Marcus Ludwig.<\/li>\n<li>Ausbildung in AYM Ayurvedischer-Yogamassage bei Rebekka Zimmermann.<\/li>\n<li>Teilnahme an Hichibuku Gojinjutsu K\u00f6rpertherapie \u2013 Seminaren. Peter King (UK).<\/li>\n<li>Training im &#8222;Jivamukhti-Yoga-Center&#8220; New York City.<\/li>\n<li>Pers\u00f6nliche Begegnung mit Weltk\u00fcnstler Alex Grey auf seiner Farm &#8222;COSM&#8220;.<\/li>\n<\/ul>\n<p style=\"text-align: center;\"><strong>2010 \/ 2014<\/strong><\/p>\n<ul style=\"text-align: center;\">\n<li>Einstieg als Yogalehrer und Wirken im Feld\u00a0betrieblicher Gesundheitsf\u00f6rderung.<\/li>\n<li>Grinberg-Methode &#8211; 2 J\u00e4hriges Studium &amp;\u00a0Teilnahme an Movement Class.<\/li>\n<li>Anwendung von Fu\u00dfreflexzonen &#8211; Massage.<\/li>\n<\/ul>\n<p style=\"text-align: center;\"><strong>2009 \/ 2013<\/strong><\/p>\n<ul style=\"text-align: center;\">\n<li>Absolvierung 4 j\u00e4hriger Yogalehrerausbildung (BDY) Yoga Akademie Berlin. Swami Gitananda, Rishiculture &#8211; Ashtanga Yoga Tradition (Pondichery\/India).<\/li>\n<li>Yoga-Fasten &amp; Reinigungseminar auf Ibiza &#8211; Shanka-Prakshalana mit\u00a0Ananda Leone.<\/li>\n<li>Anusara &#8211; 5 Elemete Yoga Training bei Alexander Kr\u00f6ker (B.)<\/li>\n<\/ul>\n<p style=\"text-align: center;\"><strong>2001 \/ 2010<\/strong><\/p>\n<ul style=\"text-align: center;\">\n<li>Praktizieren von Bujinkhan\u00a0in DD. &#8211; J\u00f6rg Adolphs, &amp; Alexander Claus D\u00fcrlich &#8211; Berlin.<\/li>\n<li>10 Tage Intensiv Training in Japan\/Tokio, Leitung Dr. Masaaki Hatsumi Sensei.<\/li>\n<li>Veranstaltungs &#8211; Managament in eigener Musik Szene Bar &#8211; L&#8217;houp in Dresden.<\/li>\n<\/ul>\n<p><a href=\"http:\/\/be-your-self.de\/wp-content\/uploads\/2015\/03\/Foto-28.08.21_-20-20-04_1.jpeg\"><img loading=\"lazy\" decoding=\"async\" class=\"alignright size-full wp-image-6355\" src=\"http:\/\/be-your-self.de\/wp-content\/uploads\/2015\/03\/Foto-28.08.21_-20-20-04_1.jpeg\" alt=\"\" width=\"3797\" height=\"3024\" srcset=\"http:\/\/be-your-self.de\/wp-content\/uploads\/2015\/03\/Foto-28.08.21_-20-20-04_1.jpeg 3797w, http:\/\/be-your-self.de\/wp-content\/uploads\/2015\/03\/Foto-28.08.21_-20-20-04_1-300x239.jpeg 300w, http:\/\/be-your-self.de\/wp-content\/uploads\/2015\/03\/Foto-28.08.21_-20-20-04_1-768x612.jpeg 768w, http:\/\/be-your-self.de\/wp-content\/uploads\/2015\/03\/Foto-28.08.21_-20-20-04_1-1024x816.jpeg 1024w\" sizes=\"auto, (max-width: 3797px) 100vw, 3797px\" \/><\/a><\/p>\n<p style=\"text-align: center;\"><strong>1982<\/strong><\/p>\n<ul>\n<li style=\"text-align: center;\">Skorpiongeborener leuchtender Stern &#8211; aufgewachsen in Dresden &amp; Leipzig.<\/li>\n<\/ul>\n","protected":false},"excerpt":{"rendered":"<p>VITA &#8211; lit\u00e4t &#8222;Ich \u00f6ffne mich f\u00fcr das Leben und lasse mich in der Tiefe ber\u00fchren&#8222; Magst Du meinen Weg ? Ich teile gern meinen gesamten Erfahrungsschatz mit Dir. 2025 Lichtk\u00f6rper Kristallpunkte Aktivierung in Kombination mit Soundhealing Body Toning MET Klopftechnik &#8211; Transformative Umkehrung in nat\u00fcrliches F\u00fclle Bewusstsein HuiChung ChiGong &#8211; Energiefluss Bewegungskultivierung &#8211; Einzeltraining [&hellip;]<\/p>\n","protected":false},"author":2,"featured_media":0,"parent":0,"menu_order":6,"comment_status":"closed","ping_status":"closed","template":"","meta":{"footnotes":""},"class_list":["post-103","page","type-page","status-publish","hentry"],"_links":{"self":[{"href":"http:\/\/be-your-self.de\/index.php?rest_route=\/wp\/v2\/pages\/103","targetHints":{"allow":["GET"]}}],"collection":[{"href":"http:\/\/be-your-self.de\/index.php?rest_route=\/wp\/v2\/pages"}],"about":[{"href":"http:\/\/be-your-self.de\/index.php?rest_route=\/wp\/v2\/types\/page"}],"author":[{"embeddable":true,"href":"http:\/\/be-your-self.de\/index.php?rest_route=\/wp\/v2\/users\/2"}],"replies":[{"embeddable":true,"href":"http:\/\/be-your-self.de\/index.php?rest_route=%2Fwp%2Fv2%2Fcomments&post=103"}],"version-history":[{"count":414,"href":"http:\/\/be-your-self.de\/index.php?rest_route=\/wp\/v2\/pages\/103\/revisions"}],"predecessor-version":[{"id":10652,"href":"http:\/\/be-your-self.de\/index.php?rest_route=\/wp\/v2\/pages\/103\/revisions\/10652"}],"wp:attachment":[{"href":"http:\/\/be-your-self.de\/index.php?rest_route=%2Fwp%2Fv2%2Fmedia&parent=103"}],"curies":[{"name":"wp","href":"https:\/\/api.w.org\/{rel}","templated":true}]}}